
{"id":1272,"date":"2023-06-13T14:53:43","date_gmt":"2023-06-13T14:53:43","guid":{"rendered":"http:\/\/ryrmolqlp.cyon.link\/nos-marches\/aircotech-clean\/"},"modified":"2023-09-08T09:36:31","modified_gmt":"2023-09-08T09:36:31","slug":"aircotech-clean","status":"publish","type":"page","link":"https:\/\/musfeldaircotech.ch\/fr\/nos-marches\/aircotech-clean\/","title":{"rendered":"Aircotech Clean"},"content":{"rendered":"\n<div class=\"wp-block-cover alignfull\" style=\"min-height:50vh;aspect-ratio:unset;\"><span aria-hidden=\"true\" class=\"wp-block-cover__background has-background-dim-30 has-background-dim\" style=\"background-color:#3a69cb\"><\/span><img loading=\"lazy\" decoding=\"async\" width=\"1500\" height=\"1000\" class=\"wp-block-cover__image-background wp-image-724\" alt=\"\" src=\"http:\/\/musfeldaircotech.ch\/wp-content\/uploads\/2023\/03\/Aircotech-Luftreinigung.png\" style=\"object-position:50% 70%\" data-object-fit=\"cover\" data-object-position=\"50% 70%\" srcset=\"https:\/\/musfeldaircotech.ch\/wp-content\/uploads\/2023\/03\/Aircotech-Luftreinigung.png 1500w, https:\/\/musfeldaircotech.ch\/wp-content\/uploads\/2023\/03\/Aircotech-Luftreinigung-300x200.png 300w, https:\/\/musfeldaircotech.ch\/wp-content\/uploads\/2023\/03\/Aircotech-Luftreinigung-1024x683.png 1024w, https:\/\/musfeldaircotech.ch\/wp-content\/uploads\/2023\/03\/Aircotech-Luftreinigung-768x512.png 768w\" sizes=\"auto, (max-width: 1500px) 100vw, 1500px\" \/><div class=\"wp-block-cover__inner-container is-layout-flow wp-block-cover-is-layout-flow\">\n\n<div class=\"wp-block-getwid-advanced-heading has-custom-font-size fs-tablet-80 fs-mobile-50\" style=\"font-size:36px\"><span class=\"wp-block-getwid-advanced-heading__content has-text-color has-white-color\" style=\"text-align:center;font-weight:600\">Aircotech Clean<\/span><\/div>\n\n<\/div><\/div>\n\n\n\n<div id=\"definition\" class=\"wp-block-getwid-section alignfull getwid-margin-top-none getwid-margin-bottom-none getwid-section-content-full-width\"><div class=\"wp-block-getwid-section__wrapper getwid-padding-top-medium getwid-padding-bottom-medium getwid-padding-left-medium getwid-padding-right-medium getwid-margin-left-none getwid-margin-right-none getwid-align-items-tablet-center getwid-align-items-mobile-center getwid-justify-content-tablet-center getwid-justify-content-mobile-center\"><div class=\"wp-block-getwid-section__inner-wrapper\"><div class=\"wp-block-getwid-section__background-holder\"><div class=\"wp-block-getwid-section__background has-background\" style=\"background-color:#3a69cb\"><\/div><div class=\"wp-block-getwid-section__foreground\"><\/div><\/div><div class=\"wp-block-getwid-section__content\"><div class=\"wp-block-getwid-section__inner-content\">\n<div class=\"wp-block-getwid-advanced-heading has-custom-font-size fs-tablet-80 fs-mobile-50\" style=\"font-size:30px\"><span class=\"wp-block-getwid-advanced-heading__content has-text-color has-white-color\" style=\"text-align:center;font-weight:600\">Un air propre cr\u00e9e un climat sain.<\/span><\/div>\n<\/div><\/div><\/div><\/div><\/div>\n\n\n\n<div style=\"height:30px\" aria-hidden=\"true\" class=\"wp-block-spacer\"><\/div>\n\n\n\n<div id=\"dienstleistungen\" class=\"wp-block-getwid-section\"><div class=\"wp-block-getwid-section__wrapper\"><div class=\"wp-block-getwid-section__inner-wrapper\"><div class=\"wp-block-getwid-section__background-holder\"><div class=\"wp-block-getwid-section__background\"><\/div><div class=\"wp-block-getwid-section__foreground\"><\/div><\/div><div class=\"wp-block-getwid-section__content\"><div class=\"wp-block-getwid-section__inner-content\">\n<h3 class=\"wp-block-heading\">Services<\/h3>\n\n\n\n<div style=\"height:30px\" aria-hidden=\"true\" class=\"wp-block-spacer\"><\/div>\n\n\n\n<div class=\"wp-block-columns is-layout-flex wp-container-core-columns-is-layout-9d6595d7 wp-block-columns-is-layout-flex\">\n<div class=\"wp-block-column is-layout-flow wp-block-column-is-layout-flow\" style=\"flex-basis:50%\">\n<div class=\"wp-block-media-text alignwide is-vertically-aligned-center\" style=\"grid-template-columns:15% auto\"><figure class=\"wp-block-media-text__media\"><img loading=\"lazy\" decoding=\"async\" width=\"90\" height=\"90\" src=\"http:\/\/musfeldaircotech.ch\/wp-content\/uploads\/2023\/09\/icons8-unterknoten-hinzufu\u0308gen-90.png\" alt=\"\" class=\"wp-image-1849 size-full\"\/><\/figure><div class=\"wp-block-media-text__content\">\n\n<p>Int\u00e9gration dans de nouveaux syst\u00e8mes de climatisation mobiles<\/p>\n\n<\/div><\/div>\n\n\n\n<div class=\"wp-block-media-text alignwide is-vertically-aligned-center\" style=\"grid-template-columns:15% auto\"><figure class=\"wp-block-media-text__media\"><img loading=\"lazy\" decoding=\"async\" width=\"90\" height=\"90\" src=\"http:\/\/musfeldaircotech.ch\/wp-content\/uploads\/2023\/09\/icons8-frische-luft-90.png\" alt=\"\" class=\"wp-image-1846 size-full\"\/><\/figure><div class=\"wp-block-media-text__content\">\n\n<p>Dispositifs autonomes pour v\u00e9hicules<\/p>\n\n<\/div><\/div>\n<\/div>\n\n\n\n<div class=\"wp-block-column is-layout-flow wp-block-column-is-layout-flow\" style=\"flex-basis:50%\">\n<div class=\"wp-block-media-text alignwide is-vertically-aligned-center\" style=\"grid-template-columns:15% auto\"><figure class=\"wp-block-media-text__media\"><img loading=\"lazy\" decoding=\"async\" width=\"90\" height=\"90\" src=\"http:\/\/musfeldaircotech.ch\/wp-content\/uploads\/2023\/09\/icons8-aktualisieren-90.png\" alt=\"\" class=\"wp-image-1840 size-full\"\/><\/figure><div class=\"wp-block-media-text__content\">\n\n<p>Mise \u00e0 niveau des syst\u00e8mes de climatisation<\/p>\n\n<\/div><\/div>\n\n\n\n<div class=\"wp-block-media-text alignwide is-vertically-aligned-center\" style=\"grid-template-columns:15% auto\"><figure class=\"wp-block-media-text__media\"><img loading=\"lazy\" decoding=\"async\" width=\"90\" height=\"90\" src=\"http:\/\/musfeldaircotech.ch\/wp-content\/uploads\/2023\/09\/icons8-integration-90.png\" alt=\"\" class=\"wp-image-1855 size-full\"\/><\/figure><div class=\"wp-block-media-text__content\">\n\n<p>Int\u00e9gration dans les conduits d&rsquo;air de v\u00e9hicules nouveaux et existants<\/p>\n\n<\/div><\/div>\n<\/div>\n<\/div>\n<\/div><\/div><\/div><\/div><\/div>\n\n\n\n<div style=\"height:30px\" aria-hidden=\"true\" class=\"wp-block-spacer\"><\/div>\n\n\n\n<div id=\"funktionsprinzip\" class=\"wp-block-getwid-section\"><div class=\"wp-block-getwid-section__wrapper\"><div class=\"wp-block-getwid-section__inner-wrapper\"><div class=\"wp-block-getwid-section__background-holder\"><div class=\"wp-block-getwid-section__background\"><\/div><div class=\"wp-block-getwid-section__foreground\"><\/div><\/div><div class=\"wp-block-getwid-section__content\"><div class=\"wp-block-getwid-section__inner-content\">\n<h3 class=\"wp-block-heading\">Principe de fonctionnement : la photocatalyse &#8211; une innovation issue de la nature<\/h3>\n\n\n\n<div style=\"height:30px\" aria-hidden=\"true\" class=\"wp-block-spacer\"><\/div>\n\n\n\n<div class=\"wp-block-columns is-layout-flex wp-container-core-columns-is-layout-9d6595d7 wp-block-columns-is-layout-flex\">\n<div class=\"wp-block-column is-layout-flow wp-block-column-is-layout-flow\" style=\"flex-basis:50%\">\n<p>Par photocatalyse, le peroxyde d&rsquo;hydrog\u00e8ne (H2O2) se s\u00e9pare de l&rsquo;air dans un catalyseur recouvert de dioxyde de titane (TiO2) sous l&rsquo;effet de la lumi\u00e8re UVC. Le peroxyde d&rsquo;hydrog\u00e8ne \u00e0 faible concentration d\u00e9truit activement et tr\u00e8s efficacement (jusqu&rsquo;\u00e0 99,99%) les polluants microbiens \u00ab\u00a0in situ\u00a0\u00bb dans l&rsquo;air ambiant ainsi que sur les surfaces et dans les conduits d&rsquo;air tels que :<\/p>\n<\/div>\n\n\n\n<div class=\"wp-block-column is-layout-flow wp-block-column-is-layout-flow\" style=\"flex-basis:50%\">\n<ul class=\"wp-block-list\"><li><strong>Virus<\/strong> (par ex. SARS CoV 2, calicivirus f\u00e9lin, grippe, etc.)<\/li><li><strong>Bact\u00e9ries<\/strong> (par ex. staphylocoques, ent\u00e9rocoques, etc.)<\/li><li><strong>champignons<\/strong> (par exemple dermatophytes, conidiophores, etc.)<\/li><li><strong>Allerg\u00e8nes<\/strong><\/li><li><strong>Odeurs<\/strong><\/li><\/ul>\n<\/div>\n<\/div>\n\n\n\n<div class=\"wp-block-columns is-layout-flex wp-container-core-columns-is-layout-9d6595d7 wp-block-columns-is-layout-flex\">\n<div class=\"wp-block-column is-layout-flow wp-block-column-is-layout-flow\">\n<figure class=\"wp-block-image size-large\"><img loading=\"lazy\" decoding=\"async\" width=\"1024\" height=\"369\" src=\"http:\/\/musfeldaircotech.ch\/wp-content\/uploads\/2023\/05\/musfeldaircotech-aircotechclean-portfolio-01-1024x369.png\" alt=\"\" class=\"wp-image-1123\" srcset=\"https:\/\/musfeldaircotech.ch\/wp-content\/uploads\/2023\/05\/musfeldaircotech-aircotechclean-portfolio-01-1024x369.png 1024w, https:\/\/musfeldaircotech.ch\/wp-content\/uploads\/2023\/05\/musfeldaircotech-aircotechclean-portfolio-01-300x108.png 300w, https:\/\/musfeldaircotech.ch\/wp-content\/uploads\/2023\/05\/musfeldaircotech-aircotechclean-portfolio-01-768x277.png 768w, https:\/\/musfeldaircotech.ch\/wp-content\/uploads\/2023\/05\/musfeldaircotech-aircotechclean-portfolio-01-1536x553.png 1536w, https:\/\/musfeldaircotech.ch\/wp-content\/uploads\/2023\/05\/musfeldaircotech-aircotechclean-portfolio-01-2048x738.png 2048w\" sizes=\"auto, (max-width: 1024px) 100vw, 1024px\" \/><\/figure>\n<\/div>\n<\/div>\n<\/div><\/div><\/div><\/div><\/div>\n\n\n\n<div style=\"height:30px\" aria-hidden=\"true\" class=\"wp-block-spacer\"><\/div>\n\n\n\n<div id=\"projekte\" class=\"wp-block-getwid-section\"><div class=\"wp-block-getwid-section__wrapper\"><div class=\"wp-block-getwid-section__inner-wrapper\"><div class=\"wp-block-getwid-section__background-holder\"><div class=\"wp-block-getwid-section__background\"><\/div><div class=\"wp-block-getwid-section__foreground\"><\/div><\/div><div class=\"wp-block-getwid-section__content\"><div class=\"wp-block-getwid-section__inner-content\">\n<h3 class=\"wp-block-heading\">Avantages<\/h3>\n\n\n\n<div class=\"wp-block-getwid-accordion has-icon-left\" data-active-element=\"none\">\n<div class=\"wp-block-getwid-accordion__header-wrapper\"><h3 class=\"wp-block-getwid-accordion__header\"><a href=\"#\"><span class=\"wp-block-getwid-accordion__header-title\">Pas de \u00ab\u00a0concentration\u00a0\u00bb toxique<\/span><span class=\"wp-block-getwid-accordion__icon is-active\"><i class=\"fas fa-plus\"><\/i><\/span><span class=\"wp-block-getwid-accordion__icon is-passive\"><i class=\"fas fa-minus\"><\/i><\/span><\/a><\/h3><\/div><div class=\"wp-block-getwid-accordion__content-wrapper\"><div class=\"wp-block-getwid-accordion__content\">\n<div class=\"wp-block-group\"><div class=\"wp-block-group__inner-container is-layout-flow wp-block-group-is-layout-flow\">\n<p>Le peroxyde d&rsquo;hydrog\u00e8ne se d\u00e9compose rapidement en oxyg\u00e8ne et en humidit\u00e9<\/p>\n<\/div><\/div>\n<\/div><\/div>\n\n\n\n<div class=\"wp-block-getwid-accordion__header-wrapper\"><h3 class=\"wp-block-getwid-accordion__header\"><a href=\"#\"><span class=\"wp-block-getwid-accordion__header-title\">Pas d&rsquo;ozone (O3) nocif<\/span><span class=\"wp-block-getwid-accordion__icon is-active\"><i class=\"fas fa-plus\"><\/i><\/span><span class=\"wp-block-getwid-accordion__icon is-passive\"><i class=\"fas fa-minus\"><\/i><\/span><\/a><\/h3><\/div><div class=\"wp-block-getwid-accordion__content-wrapper\"><div class=\"wp-block-getwid-accordion__content\">\n<div class=\"wp-block-group\"><div class=\"wp-block-group__inner-container is-layout-flow wp-block-group-is-layout-flow\">\n<p>Longueur d&rsquo;onde sp\u00e9cifique choisie pour la lumi\u00e8re UVC<\/p>\n<\/div><\/div>\n<\/div><\/div>\n\n\n\n<div class=\"wp-block-getwid-accordion__header-wrapper\"><h3 class=\"wp-block-getwid-accordion__header\"><a href=\"#\"><span class=\"wp-block-getwid-accordion__header-title\"><strong>Pas de changement de filtre dangereux<\/strong><\/span><span class=\"wp-block-getwid-accordion__icon is-active\"><i class=\"fas fa-plus\"><\/i><\/span><span class=\"wp-block-getwid-accordion__icon is-passive\"><i class=\"fas fa-minus\"><\/i><\/span><\/a><\/h3><\/div><div class=\"wp-block-getwid-accordion__content-wrapper\"><div class=\"wp-block-getwid-accordion__content\">\n<div class=\"wp-block-group\"><div class=\"wp-block-group__inner-container is-layout-flow wp-block-group-is-layout-flow\">\n<p>Pas d&rsquo;accumulation de substances nocives dans les filtres (d\u00e9chets sp\u00e9ciaux)<\/p>\n<\/div><\/div>\n<\/div><\/div>\n\n\n\n<div class=\"wp-block-getwid-accordion__header-wrapper\"><h3 class=\"wp-block-getwid-accordion__header\"><a href=\"#\"><span class=\"wp-block-getwid-accordion__header-title\">En option : ionisation<\/span><span class=\"wp-block-getwid-accordion__icon is-active\"><i class=\"fas fa-plus\"><\/i><\/span><span class=\"wp-block-getwid-accordion__icon is-passive\"><i class=\"fas fa-minus\"><\/i><\/span><\/a><\/h3><\/div><div class=\"wp-block-getwid-accordion__content-wrapper\"><div class=\"wp-block-getwid-accordion__content\">\n<div class=\"wp-block-group\"><div class=\"wp-block-group__inner-container is-layout-flow wp-block-group-is-layout-flow\">\n<p>Nettoie l&rsquo;air qui le traverse des particules fines (poussi\u00e8res fines, pollen, etc.).<\/p>\n<\/div><\/div>\n<\/div><\/div>\n<\/div>\n<\/div><\/div><\/div><\/div><\/div>\n\n\n\n<div style=\"height:30px\" aria-hidden=\"true\" class=\"wp-block-spacer\"><\/div>\n\n\n\n<div id=\"serie\" class=\"wp-block-getwid-section\"><div class=\"wp-block-getwid-section__wrapper\"><div class=\"wp-block-getwid-section__inner-wrapper\"><div class=\"wp-block-getwid-section__background-holder\"><div class=\"wp-block-getwid-section__background\"><\/div><div class=\"wp-block-getwid-section__foreground\"><\/div><\/div><div class=\"wp-block-getwid-section__content\"><div class=\"wp-block-getwid-section__inner-content\">\n<h3 class=\"wp-block-heading\">Aircotech Clean &#8211; S\u00e9rie<\/h3>\n\n\n\n<div class=\"wp-block-columns is-layout-flex wp-container-core-columns-is-layout-9d6595d7 wp-block-columns-is-layout-flex\">\n<div class=\"wp-block-column has-background is-layout-flow wp-block-column-is-layout-flow\" style=\"background-color:#3a69cb\">\n<div style=\"height:30px\" aria-hidden=\"true\" class=\"wp-block-spacer\"><\/div>\n\n\n\n<h4 class=\"has-text-align-center has-white-color has-text-color wp-block-heading\">AircoTrans<\/h4>\n\n\n\n<p class=\"has-text-align-center has-white-color has-text-color\">Tous types de v\u00e9hicules<\/p>\n<\/div>\n\n\n\n<div class=\"wp-block-column has-background is-layout-flow wp-block-column-is-layout-flow\" style=\"background-color:#3a69cb\">\n<div style=\"height:30px\" aria-hidden=\"true\" class=\"wp-block-spacer\"><\/div>\n\n\n\n<h4 class=\"has-text-align-center has-white-color has-text-color wp-block-heading\">AircoDuct<\/h4>\n\n\n\n<p class=\"has-text-align-center has-white-color has-text-color\">Int\u00e9gr\u00e9 dans le syst\u00e8me de canalisation d&rsquo;air<\/p>\n<\/div>\n\n\n\n<div class=\"wp-block-column has-background is-layout-flow wp-block-column-is-layout-flow\" style=\"background-color:#3a69cb\">\n<div style=\"height:30px\" aria-hidden=\"true\" class=\"wp-block-spacer\"><\/div>\n\n\n\n<h4 class=\"has-text-align-center has-white-color has-text-color wp-block-heading\">AircoTop<\/h4>\n\n\n\n<p class=\"has-text-align-center has-white-color has-text-color\">B\u00e2timent Syst\u00e8mes de plafonds<\/p>\n<\/div>\n<\/div>\n\n\n\n<div style=\"height:30px\" aria-hidden=\"true\" class=\"wp-block-spacer\"><\/div>\n\n\n\n<div class=\"wp-block-columns is-layout-flex wp-container-core-columns-is-layout-9d6595d7 wp-block-columns-is-layout-flex\">\n<div class=\"wp-block-column is-layout-flow wp-block-column-is-layout-flow\">\n<figure class=\"wp-block-table is-style-stripes has-medium-font-size\"><table class=\"has-black-color has-text-color has-background\" style=\"background-color:#3a69cb\"><tbody><tr><td>AircoTrans 200 \/ 1000 \/ 2500* \/ 5000*<\/td><td><\/td><\/tr><tr><td>Utilisation<\/td><td>V\u00e9hicules de transport public, visuellement discrets et pratiquement silencieux<\/td><\/tr><tr><td>200 \/ 1000 \/ &#8230;<\/td><td>Dans son propre bo\u00eetier, montage libre, avec ventilateur, ind\u00e9pendant du syst\u00e8me de ventilation<\/td><\/tr><tr><td>200-d \/ 1000-d \/ &#8230;<\/td><td>Montage dans la gaine d&rsquo;air existante, sans ventilateur<\/td><\/tr><tr><td>200-i \/ 1000-i \/ &#8230;<\/td><td>Int\u00e9gr\u00e9 \u00e0 la climatisation, sans ventilateur<\/td><\/tr><tr><td>Principe de nettoyage<\/td><td>Lumi\u00e8re UVC (254 nm), peroxyde d&rsquo;hydrog\u00e8ne &amp; ionisation (en option)<\/td><\/tr><tr><td>Peroxyde d&rsquo;hydrog\u00e8ne<\/td><td>Concentration sans risque pour la sant\u00e9 : 0,01 &#8211; 0,1 ppm ou 0,0139 &#8211; 0,139 mg\/m3<\/td><\/tr><\/tbody><\/table><\/figure>\n<\/div>\n<\/div>\n\n\n\n<p>* Conception sp\u00e9cifique au client<\/p>\n<\/div><\/div><\/div><\/div><\/div>\n\n\n\n<div style=\"height:30px\" aria-hidden=\"true\" class=\"wp-block-spacer\"><\/div>\n\n\n\n<div id=\"bilder\" class=\"wp-block-getwid-section\"><div class=\"wp-block-getwid-section__wrapper\"><div class=\"wp-block-getwid-section__inner-wrapper\"><div class=\"wp-block-getwid-section__background-holder\"><div class=\"wp-block-getwid-section__background\"><\/div><div class=\"wp-block-getwid-section__foreground\"><\/div><\/div><div class=\"wp-block-getwid-section__content\"><div class=\"wp-block-getwid-section__inner-content\">\n<hr class=\"wp-block-separator has-text-color has-alpha-channel-opacity has-background is-style-wide\" style=\"background-color:#9a142d;color:#9a142d\"\/>\n\n\n\n<div style=\"height:30px\" aria-hidden=\"true\" class=\"wp-block-spacer\"><\/div>\n\n\n\n<figure class=\"wp-block-gallery has-nested-images columns-default is-cropped wp-block-gallery-1 is-layout-flex wp-block-gallery-is-layout-flex\">\n<figure class=\"wp-block-image size-large\"><img loading=\"lazy\" decoding=\"async\" width=\"1500\" height=\"1000\" data-id=\"724\" src=\"http:\/\/musfeldaircotech.ch\/wp-content\/uploads\/2023\/03\/Aircotech-Luftreinigung.png\" alt=\"\" class=\"wp-image-724\" srcset=\"https:\/\/musfeldaircotech.ch\/wp-content\/uploads\/2023\/03\/Aircotech-Luftreinigung.png 1500w, https:\/\/musfeldaircotech.ch\/wp-content\/uploads\/2023\/03\/Aircotech-Luftreinigung-300x200.png 300w, https:\/\/musfeldaircotech.ch\/wp-content\/uploads\/2023\/03\/Aircotech-Luftreinigung-1024x683.png 1024w, https:\/\/musfeldaircotech.ch\/wp-content\/uploads\/2023\/03\/Aircotech-Luftreinigung-768x512.png 768w\" sizes=\"auto, (max-width: 1500px) 100vw, 1500px\" \/><\/figure>\n<\/figure>\n<\/div><\/div><\/div><\/div><\/div>\n","protected":false},"excerpt":{"rendered":"","protected":false},"author":3,"featured_media":332,"parent":1147,"menu_order":0,"comment_status":"closed","ping_status":"closed","template":"page-simple.php","meta":{"footnotes":""},"class_list":["post-1272","page","type-page","status-publish","has-post-thumbnail","hentry"],"_links":{"self":[{"href":"https:\/\/musfeldaircotech.ch\/fr\/wp-json\/wp\/v2\/pages\/1272","targetHints":{"allow":["GET"]}}],"collection":[{"href":"https:\/\/musfeldaircotech.ch\/fr\/wp-json\/wp\/v2\/pages"}],"about":[{"href":"https:\/\/musfeldaircotech.ch\/fr\/wp-json\/wp\/v2\/types\/page"}],"author":[{"embeddable":true,"href":"https:\/\/musfeldaircotech.ch\/fr\/wp-json\/wp\/v2\/users\/3"}],"replies":[{"embeddable":true,"href":"https:\/\/musfeldaircotech.ch\/fr\/wp-json\/wp\/v2\/comments?post=1272"}],"version-history":[{"count":17,"href":"https:\/\/musfeldaircotech.ch\/fr\/wp-json\/wp\/v2\/pages\/1272\/revisions"}],"predecessor-version":[{"id":1869,"href":"https:\/\/musfeldaircotech.ch\/fr\/wp-json\/wp\/v2\/pages\/1272\/revisions\/1869"}],"up":[{"embeddable":true,"href":"https:\/\/musfeldaircotech.ch\/fr\/wp-json\/wp\/v2\/pages\/1147"}],"wp:featuredmedia":[{"embeddable":true,"href":"https:\/\/musfeldaircotech.ch\/fr\/wp-json\/wp\/v2\/media\/332"}],"wp:attachment":[{"href":"https:\/\/musfeldaircotech.ch\/fr\/wp-json\/wp\/v2\/media?parent=1272"}],"curies":[{"name":"wp","href":"https:\/\/api.w.org\/{rel}","templated":true}]}}